{"id":1314,"date":"2019-03-14T17:53:02","date_gmt":"2019-03-14T15:53:02","guid":{"rendered":"https:\/\/richardveenstra.net\/web\/?page_id=1314"},"modified":"2019-03-14T18:34:25","modified_gmt":"2019-03-14T16:34:25","slug":"contacto","status":"publish","type":"page","link":"https:\/\/richardveenstra.net\/web\/es\/contacto\/","title":{"rendered":"Contacto"},"content":{"rendered":"[vc_row thb_divider_position=&#8221;bottom&#8221; css=&#8221;.vc_custom_1527249286255{padding-top: 13vh !important;padding-bottom: 5vh !important;}&#8221;][vc_column width=&#8221;1\/2&#8243; css=&#8221;.vc_custom_1527249227661{padding-top: 2vh !important;padding-bottom: 5vh !important;}&#8221;][vc_column_text css=&#8221;.vc_custom_1552577266161{margin-bottom: 50px !important;}&#8221;]\n<h1>Cont\u00e1ctame<\/h1>\n<p>D\u00e9jame saber lo que tienes en mente y te responder\u00e9 en un instante.[\/vc_column_text]\n<div class=\"wpcf7 no-js\" id=\"wpcf7-f947-o1\" lang=\"en-US\" dir=\"ltr\" data-wpcf7-id=\"947\">\n<div class=\"screen-reader-response\"><p role=\"status\" aria-live=\"polite\" aria-atomic=\"true\"><\/p> <ul><\/ul><\/div>\n<form action=\"\/web\/wp-json\/wp\/v2\/pages\/1314#wpcf7-f947-o1\" method=\"post\" class=\"wpcf7-form init\" aria-label=\"Contact form\" novalidate=\"novalidate\" data-status=\"init\">\n<fieldset class=\"hidden-fields-container\"><input type=\"hidden\" name=\"_wpcf7\" value=\"947\" \/><input type=\"hidden\" name=\"_wpcf7_version\" value=\"6.1.3\" \/><input type=\"hidden\" name=\"_wpcf7_locale\" value=\"en_US\" \/><input type=\"hidden\" name=\"_wpcf7_unit_tag\" value=\"wpcf7-f947-o1\" \/><input type=\"hidden\" name=\"_wpcf7_container_post\" value=\"0\" \/><input type=\"hidden\" name=\"_wpcf7_posted_data_hash\" value=\"\" \/>\n<\/fieldset>\n<div class=\"row\">\n\t<div class=\"small-12 large-6 columns\">\n\t\t<p><label>Your Name<\/label><span class=\"wpcf7-form-control-wrap\" data-name=\"your-name\"><input size=\"40\" maxlength=\"400\" class=\"wpcf7-form-control wpcf7-text wpcf7-validates-as-required\" aria-required=\"true\" aria-invalid=\"false\" value=\"\" type=\"text\" name=\"your-name\" \/><\/span>\n\t\t<\/p>\n\t<\/div>\n\t<div class=\"small-12 large-6 columns\">\n\t\t<p><label>Your E-mail<\/label><span class=\"wpcf7-form-control-wrap\" data-name=\"your-email\"><input size=\"40\" maxlength=\"400\" class=\"wpcf7-form-control wpcf7-email wpcf7-validates-as-required wpcf7-text wpcf7-validates-as-email\" aria-required=\"true\" aria-invalid=\"false\" value=\"\" type=\"email\" name=\"your-email\" \/><\/span>\n\t\t<\/p>\n\t<\/div>\n\t<div class=\"small-12 columns\">\n\t\t<p><label>Message<\/label><span class=\"wpcf7-form-control-wrap\" data-name=\"your-message\"><textarea cols=\"40\" rows=\"10\" maxlength=\"2000\" class=\"wpcf7-form-control wpcf7-textarea\" aria-invalid=\"false\" name=\"your-message\"><\/textarea><\/span>\n\t\t<\/p>\n\t<\/div>\n<\/div>\n<p><span class=\"wpcf7-form-control-wrap\" data-name=\"quiz-221\"><label><span class=\"wpcf7-quiz-label\">2+4=<\/span> <input size=\"40\" class=\"wpcf7-form-control wpcf7-quiz\" autocomplete=\"off\" aria-required=\"true\" aria-invalid=\"false\" type=\"text\" name=\"quiz-221\" \/><\/label><input type=\"hidden\" name=\"_wpcf7_quiz_answer_quiz-221\" value=\"c4ee033c97c74362d4567ca72ef15826\" \/><\/span><br \/>\n<span id=\"wpcf7-69e03bc6decb5-wrapper\" class=\"wpcf7-form-control-wrap email-53-wrap\" style=\"display:none !important; visibility:hidden !important;\"><label for=\"wpcf7-69e03bc6decb5-field\" class=\"hp-message\">Please leave this field empty.<\/label><input id=\"wpcf7-69e03bc6decb5-field\"  class=\"wpcf7-form-control wpcf7-text\" type=\"text\" name=\"email-53\" value=\"\" size=\"40\" tabindex=\"-1\" autocomplete=\"new-password\" \/><\/span>\n<\/p>\n<div class=\"row\">\n\t<div class=\"small-12 columns\">\n\t\t<p><input class=\"wpcf7-form-control wpcf7-submit has-spinner btn\" type=\"submit\" value=\"Send Message\" \/>\n\t\t<\/p>\n\t<\/div>\n<\/div><p style=\"display: none !important;\" class=\"akismet-fields-container\" data-prefix=\"_wpcf7_ak_\"><label>&#916;<textarea name=\"_wpcf7_ak_hp_textarea\" cols=\"45\" rows=\"8\" maxlength=\"100\"><\/textarea><\/label><input type=\"hidden\" id=\"ak_js_1\" name=\"_wpcf7_ak_js\" value=\"72\"\/><script>document.getElementById( \"ak_js_1\" ).setAttribute( \"value\", ( new Date() ).getTime() );<\/script><\/p><div class=\"wpcf7-response-output\" aria-hidden=\"true\"><\/div>\n<\/form>\n<\/div>\n[\/vc_column][vc_column width=&#8221;1\/2&#8243; css=&#8221;.vc_custom_1527249246137{padding-top: 2vh !important;padding-bottom: 5vh !important;}&#8221;][vc_column_text css=&#8221;.vc_custom_1552577260028{margin-bottom: 50px !important;}&#8221;]\n<h1>Tu informaci\u00f3n<\/h1>\n<p>Sus datos est\u00e1n seguros conmigo. Si desea saber todo sobre las cookies, mi pol\u00edtica de privacidad o cualquier cosa relacionada con sus datos, eche un vistazo <a href=\"http:\/\/richardveenstra.net\/web\/privacy-policy\/\">aqu\u00ed<\/a> (en ingl\u00e9s).[\/vc_column_text][\/vc_column][\/vc_row][vc_row disable_element=&#8221;yes&#8221; thb_divider_position=&#8221;bottom&#8221; el_class=&#8221;align-center&#8221; css=&#8221;.vc_custom_1475052850521{padding-top: 10vh !important;padding-bottom: 10vh !important;}&#8221;][vc_column offset=&#8221;vc_col-lg-10 vc_col-md-12&#8243;][vc_row_inner][vc_column_inner width=&#8221;1\/4&#8243;][vc_column_text css=&#8221;.vc_custom_1474475114956{border-bottom-width: 2px !important;padding-bottom: 30px !important;border-bottom-color: #f4f4f4 !important;border-bottom-style: solid !important;}&#8221;]<strong>Our Location<\/strong><\/p>\n<p style=\"font-size: 14px;\">Care+ Family Parham Bridges<br \/>\nCanton Jackson, MS 39211<br \/>\n+1 601 978 2212<\/p>\n[\/vc_column_text][vc_column_text css=&#8221;.vc_custom_1474475137445{border-bottom-width: 2px !important;padding-bottom: 30px !important;border-bottom-color: #f4f4f4 !important;border-bottom-style: solid !important;}&#8221;]<strong>Careers<\/strong><\/p>\n<p style=\"font-size: 14px;\">Slowly she drifted to the southeast, rising higher and higher as the flames ate away her<\/p>\n<p style=\"font-size: 14px;\"><a href=\"mailto:wooden.jobs@werkstatt.com\">wooden.jobs@werkstatt.com<\/a><\/p>\n[\/vc_column_text][vc_column_text]<strong>Say Hello<\/strong><\/p>\n<p style=\"font-size: 14px;\">Ascending to the roof of the building I watched her for hours, until.<\/p>\n<p style=\"font-size: 14px;\"><a href=\"mailto:hello@werkstatt.com\">hello@werkstatt.com<\/a><\/p>\n[\/vc_column_text][\/vc_column_inner][vc_column_inner width=&#8221;3\/4&#8243; css=&#8221;.vc_custom_1474478996357{padding-left: 5% !important;}&#8221;][\/vc_column_inner][\/vc_row_inner][\/vc_column][\/vc_row]\n","protected":false},"excerpt":{"rendered":"<p>[vc_row thb_divider_position=&#8221;bottom&#8221; css=&#8221;.vc_custom_1527249286255{padding-top: 13vh !important;padding-bottom: 5vh !important;}&#8221;][vc_column width=&#8221;1\/2&#8243; css=&#8221;.vc_custom_1527249227661{padding-top: 2vh !important;padding-bottom: 5vh !important;}&#8221;][vc_column_text css=&#8221;.vc_custom_1552577266161{margin-bottom: 50px !important;}&#8221;] Cont\u00e1ctame D\u00e9jame saber lo que tienes en mente y te responder\u00e9 en un instante.[\/vc_column_text][\/vc_column][vc_column width=&#8221;1\/2&#8243; css=&#8221;.vc_custom_1527249246137{padding-top: 2vh !important;padding-bottom: 5vh !important;}&#8221;][vc_column_text css=&#8221;.vc_custom_1552577260028{margin-bottom: 50px !important;}&#8221;] Tu informaci\u00f3n Sus datos est\u00e1n seguros conmigo. Si desea saber todo sobre las cookies, mi pol\u00edtica&hellip;<\/p>\n","protected":false},"author":1,"featured_media":0,"parent":0,"menu_order":0,"comment_status":"closed","ping_status":"closed","template":"","meta":{"footnotes":""},"class_list":["post-1314","page","type-page","status-publish","hentry"],"yoast_head":"<!-- This site is optimized with the Yoast SEO plugin v26.3 - https:\/\/yoast.com\/wordpress\/plugins\/seo\/ -->\n<title>Contacto - Richard Veenstra | XNDR<\/title>\n<meta name=\"robots\" content=\"index, follow, max-snippet:-1, max-image-preview:large, max-video-preview:-1\" \/>\n<link rel=\"canonical\" href=\"https:\/\/richardveenstra.net\/web\/es\/contacto\/\" \/>\n<meta property=\"og:locale\" content=\"nl_NL\" \/>\n<meta property=\"og:type\" content=\"article\" \/>\n<meta property=\"og:title\" content=\"Contacto - Richard Veenstra | XNDR\" \/>\n<meta property=\"og:description\" content=\"[vc_row thb_divider_position=&#8221;bottom&#8221; css=&#8221;.vc_custom_1527249286255{padding-top: 13vh !important;padding-bottom: 5vh !important;}&#8221;][vc_column width=&#8221;1\/2&#8243; css=&#8221;.vc_custom_1527249227661{padding-top: 2vh !important;padding-bottom: 5vh !important;}&#8221;][vc_column_text css=&#8221;.vc_custom_1552577266161{margin-bottom: 50px !important;}&#8221;] Cont\u00e1ctame D\u00e9jame saber lo que tienes en mente y te responder\u00e9 en un instante.[\/vc_column_text][\/vc_column][vc_column width=&#8221;1\/2&#8243; css=&#8221;.vc_custom_1527249246137{padding-top: 2vh !important;padding-bottom: 5vh !important;}&#8221;][vc_column_text css=&#8221;.vc_custom_1552577260028{margin-bottom: 50px !important;}&#8221;] Tu informaci\u00f3n Sus datos est\u00e1n seguros conmigo. Si desea saber todo sobre las cookies, mi pol\u00edtica&hellip;\" \/>\n<meta property=\"og:url\" content=\"https:\/\/richardveenstra.net\/web\/es\/contacto\/\" \/>\n<meta property=\"og:site_name\" content=\"Richard Veenstra | XNDR\" \/>\n<meta property=\"article:modified_time\" content=\"2019-03-14T16:34:25+00:00\" \/>\n<meta name=\"twitter:card\" content=\"summary_large_image\" \/>\n<meta name=\"twitter:label1\" content=\"Geschatte leestijd\" \/>\n\t<meta name=\"twitter:data1\" content=\"1 minuut\" \/>\n<script type=\"application\/ld+json\" class=\"yoast-schema-graph\">{\"@context\":\"https:\/\/schema.org\",\"@graph\":[{\"@type\":\"WebPage\",\"@id\":\"https:\/\/richardveenstra.net\/web\/es\/contacto\/\",\"url\":\"https:\/\/richardveenstra.net\/web\/es\/contacto\/\",\"name\":\"Contacto - Richard Veenstra | XNDR\",\"isPartOf\":{\"@id\":\"https:\/\/richardveenstra.net\/web\/#website\"},\"datePublished\":\"2019-03-14T15:53:02+00:00\",\"dateModified\":\"2019-03-14T16:34:25+00:00\",\"breadcrumb\":{\"@id\":\"https:\/\/richardveenstra.net\/web\/es\/contacto\/#breadcrumb\"},\"inLanguage\":\"nl-NL\",\"potentialAction\":[{\"@type\":\"ReadAction\",\"target\":[\"https:\/\/richardveenstra.net\/web\/es\/contacto\/\"]}]},{\"@type\":\"BreadcrumbList\",\"@id\":\"https:\/\/richardveenstra.net\/web\/es\/contacto\/#breadcrumb\",\"itemListElement\":[{\"@type\":\"ListItem\",\"position\":1,\"name\":\"Home\",\"item\":\"https:\/\/richardveenstra.net\/web\/\"},{\"@type\":\"ListItem\",\"position\":2,\"name\":\"Contacto\"}]},{\"@type\":\"WebSite\",\"@id\":\"https:\/\/richardveenstra.net\/web\/#website\",\"url\":\"https:\/\/richardveenstra.net\/web\/\",\"name\":\"Richard Veenstra | XNDR\",\"description\":\"Sound Designer, Composer\",\"publisher\":{\"@id\":\"https:\/\/richardveenstra.net\/web\/#\/schema\/person\/aef76feb12c839a5b87b78f29fd529f5\"},\"potentialAction\":[{\"@type\":\"SearchAction\",\"target\":{\"@type\":\"EntryPoint\",\"urlTemplate\":\"https:\/\/richardveenstra.net\/web\/?s={search_term_string}\"},\"query-input\":{\"@type\":\"PropertyValueSpecification\",\"valueRequired\":true,\"valueName\":\"search_term_string\"}}],\"inLanguage\":\"nl-NL\"},{\"@type\":[\"Person\",\"Organization\"],\"@id\":\"https:\/\/richardveenstra.net\/web\/#\/schema\/person\/aef76feb12c839a5b87b78f29fd529f5\",\"name\":\"Richard Veenstra\",\"image\":{\"@type\":\"ImageObject\",\"inLanguage\":\"nl-NL\",\"@id\":\"https:\/\/richardveenstra.net\/web\/#\/schema\/person\/image\/\",\"url\":\"https:\/\/secure.gravatar.com\/avatar\/0b7d90b8a71bd17dbed1b41e1e414e5f5a6f3a27cd28f391e550d6cf1f2a5df9?s=96&d=mm&r=g\",\"contentUrl\":\"https:\/\/secure.gravatar.com\/avatar\/0b7d90b8a71bd17dbed1b41e1e414e5f5a6f3a27cd28f391e550d6cf1f2a5df9?s=96&d=mm&r=g\",\"caption\":\"Richard Veenstra\"},\"logo\":{\"@id\":\"https:\/\/richardveenstra.net\/web\/#\/schema\/person\/image\/\"}}]}<\/script>\n<!-- \/ Yoast SEO plugin. -->","yoast_head_json":{"title":"Contacto - Richard Veenstra | XNDR","robots":{"index":"index","follow":"follow","max-snippet":"max-snippet:-1","max-image-preview":"max-image-preview:large","max-video-preview":"max-video-preview:-1"},"canonical":"https:\/\/richardveenstra.net\/web\/es\/contacto\/","og_locale":"nl_NL","og_type":"article","og_title":"Contacto - Richard Veenstra | XNDR","og_description":"[vc_row thb_divider_position=&#8221;bottom&#8221; css=&#8221;.vc_custom_1527249286255{padding-top: 13vh !important;padding-bottom: 5vh !important;}&#8221;][vc_column width=&#8221;1\/2&#8243; css=&#8221;.vc_custom_1527249227661{padding-top: 2vh !important;padding-bottom: 5vh !important;}&#8221;][vc_column_text css=&#8221;.vc_custom_1552577266161{margin-bottom: 50px !important;}&#8221;] Cont\u00e1ctame D\u00e9jame saber lo que tienes en mente y te responder\u00e9 en un instante.[\/vc_column_text][\/vc_column][vc_column width=&#8221;1\/2&#8243; css=&#8221;.vc_custom_1527249246137{padding-top: 2vh !important;padding-bottom: 5vh !important;}&#8221;][vc_column_text css=&#8221;.vc_custom_1552577260028{margin-bottom: 50px !important;}&#8221;] Tu informaci\u00f3n Sus datos est\u00e1n seguros conmigo. Si desea saber todo sobre las cookies, mi pol\u00edtica&hellip;","og_url":"https:\/\/richardveenstra.net\/web\/es\/contacto\/","og_site_name":"Richard Veenstra | XNDR","article_modified_time":"2019-03-14T16:34:25+00:00","twitter_card":"summary_large_image","twitter_misc":{"Geschatte leestijd":"1 minuut"},"schema":{"@context":"https:\/\/schema.org","@graph":[{"@type":"WebPage","@id":"https:\/\/richardveenstra.net\/web\/es\/contacto\/","url":"https:\/\/richardveenstra.net\/web\/es\/contacto\/","name":"Contacto - Richard Veenstra | XNDR","isPartOf":{"@id":"https:\/\/richardveenstra.net\/web\/#website"},"datePublished":"2019-03-14T15:53:02+00:00","dateModified":"2019-03-14T16:34:25+00:00","breadcrumb":{"@id":"https:\/\/richardveenstra.net\/web\/es\/contacto\/#breadcrumb"},"inLanguage":"nl-NL","potentialAction":[{"@type":"ReadAction","target":["https:\/\/richardveenstra.net\/web\/es\/contacto\/"]}]},{"@type":"BreadcrumbList","@id":"https:\/\/richardveenstra.net\/web\/es\/contacto\/#breadcrumb","itemListElement":[{"@type":"ListItem","position":1,"name":"Home","item":"https:\/\/richardveenstra.net\/web\/"},{"@type":"ListItem","position":2,"name":"Contacto"}]},{"@type":"WebSite","@id":"https:\/\/richardveenstra.net\/web\/#website","url":"https:\/\/richardveenstra.net\/web\/","name":"Richard Veenstra | XNDR","description":"Sound Designer, Composer","publisher":{"@id":"https:\/\/richardveenstra.net\/web\/#\/schema\/person\/aef76feb12c839a5b87b78f29fd529f5"},"potentialAction":[{"@type":"SearchAction","target":{"@type":"EntryPoint","urlTemplate":"https:\/\/richardveenstra.net\/web\/?s={search_term_string}"},"query-input":{"@type":"PropertyValueSpecification","valueRequired":true,"valueName":"search_term_string"}}],"inLanguage":"nl-NL"},{"@type":["Person","Organization"],"@id":"https:\/\/richardveenstra.net\/web\/#\/schema\/person\/aef76feb12c839a5b87b78f29fd529f5","name":"Richard Veenstra","image":{"@type":"ImageObject","inLanguage":"nl-NL","@id":"https:\/\/richardveenstra.net\/web\/#\/schema\/person\/image\/","url":"https:\/\/secure.gravatar.com\/avatar\/0b7d90b8a71bd17dbed1b41e1e414e5f5a6f3a27cd28f391e550d6cf1f2a5df9?s=96&d=mm&r=g","contentUrl":"https:\/\/secure.gravatar.com\/avatar\/0b7d90b8a71bd17dbed1b41e1e414e5f5a6f3a27cd28f391e550d6cf1f2a5df9?s=96&d=mm&r=g","caption":"Richard Veenstra"},"logo":{"@id":"https:\/\/richardveenstra.net\/web\/#\/schema\/person\/image\/"}}]}},"_links":{"self":[{"href":"https:\/\/richardveenstra.net\/web\/wp-json\/wp\/v2\/pages\/1314","targetHints":{"allow":["GET"]}}],"collection":[{"href":"https:\/\/richardveenstra.net\/web\/wp-json\/wp\/v2\/pages"}],"about":[{"href":"https:\/\/richardveenstra.net\/web\/wp-json\/wp\/v2\/types\/page"}],"author":[{"embeddable":true,"href":"https:\/\/richardveenstra.net\/web\/wp-json\/wp\/v2\/users\/1"}],"replies":[{"embeddable":true,"href":"https:\/\/richardveenstra.net\/web\/wp-json\/wp\/v2\/comments?post=1314"}],"version-history":[{"count":0,"href":"https:\/\/richardveenstra.net\/web\/wp-json\/wp\/v2\/pages\/1314\/revisions"}],"wp:attachment":[{"href":"https:\/\/richardveenstra.net\/web\/wp-json\/wp\/v2\/media?parent=1314"}],"curies":[{"name":"wp","href":"https:\/\/api.w.org\/{rel}","templated":true}]}}